{"id":197,"date":"2024-01-24T17:03:04","date_gmt":"2024-01-24T20:03:04","guid":{"rendered":"https:\/\/cerrajeriadelparqueposadas.com\/?post_type=product&#038;p=197"},"modified":"2025-10-12T03:18:44","modified_gmt":"2025-10-12T06:18:44","slug":"cerradura-star-210s-pasador-perno-hierro-bicromatado-ed-color-dorado","status":"publish","type":"product","link":"https:\/\/cerrajeriadelparqueposadas.com\/index.php\/product\/cerradura-star-210s-pasador-perno-hierro-bicromatado-ed-color-dorado\/","title":{"rendered":"Cerradura Star 210s Pasador Perno Hierro Bicromatado | Ed Color Dorado"},"content":{"rendered":"<p>Con la cerradura Star 210S, tendr\u00e1s un producto de calidad que le brinda mayor seguridad a tu inmueble.<\/p>\n<p>Seguridad en todo tipo de aberturas<br \/>Si te preocupa la seguridad de tu inmueble, este producto es para vos. Manten\u00e9 tus puertas aseguradas con la cerradura Star 210S y sal\u00ed sin preocupaciones.<\/p>\n<p>Segura y est\u00e9tica<br \/>Esta cerradura brinda seguridad a tu puerta sin afectar la est\u00e9tica de la abertura. Adem\u00e1s, es resistente al desgaste del tiempo y apta para su utilizaci\u00f3n en \u00e1reas de alto tr\u00e1nsito, donde su uso es intensivo.<\/p>\n","protected":false},"excerpt":{"rendered":"<p>Con la cerradura Star 210S, tendr\u00e1s un producto de calidad que le brinda mayor seguridad a tu inmueble. Seguridad en todo tipo de aberturasSi te preocupa la seguridad de tu inmueble, este producto es para vos. Manten\u00e9 tus puertas aseguradas con la cerradura Star 210S y sal\u00ed sin preocupaciones. Segura y est\u00e9ticaEsta cerradura brinda seguridad [&hellip;]<\/p>\n","protected":false},"featured_media":200,"comment_status":"open","ping_status":"closed","template":"","meta":[],"product_brand":[],"product_cat":[15],"product_tag":[],"class_list":{"0":"post-197","1":"product","2":"type-product","3":"status-publish","4":"has-post-thumbnail","6":"product_cat-uncategorized","8":"first","9":"instock","10":"taxable","11":"shipping-taxable","12":"purchasable","13":"product-type-simple"},"_links":{"self":[{"href":"https:\/\/cerrajeriadelparqueposadas.com\/index.php\/wp-json\/wp\/v2\/product\/197","targetHints":{"allow":["GET"]}}],"collection":[{"href":"https:\/\/cerrajeriadelparqueposadas.com\/index.php\/wp-json\/wp\/v2\/product"}],"about":[{"href":"https:\/\/cerrajeriadelparqueposadas.com\/index.php\/wp-json\/wp\/v2\/types\/product"}],"replies":[{"embeddable":true,"href":"https:\/\/cerrajeriadelparqueposadas.com\/index.php\/wp-json\/wp\/v2\/comments?post=197"}],"wp:featuredmedia":[{"embeddable":true,"href":"https:\/\/cerrajeriadelparqueposadas.com\/index.php\/wp-json\/wp\/v2\/media\/200"}],"wp:attachment":[{"href":"https:\/\/cerrajeriadelparqueposadas.com\/index.php\/wp-json\/wp\/v2\/media?parent=197"}],"wp:term":[{"taxonomy":"product_brand","embeddable":true,"href":"https:\/\/cerrajeriadelparqueposadas.com\/index.php\/wp-json\/wp\/v2\/product_brand?post=197"},{"taxonomy":"product_cat","embeddable":true,"href":"https:\/\/cerrajeriadelparqueposadas.com\/index.php\/wp-json\/wp\/v2\/product_cat?post=197"},{"taxonomy":"product_tag","embeddable":true,"href":"https:\/\/cerrajeriadelparqueposadas.com\/index.php\/wp-json\/wp\/v2\/product_tag?post=197"}],"curies":[{"name":"wp","href":"https:\/\/api.w.org\/{rel}","templated":true}]}}